{"id":266,"date":"2023-03-14T14:28:49","date_gmt":"2023-03-14T14:28:49","guid":{"rendered":"http:\/\/pp-growth.com\/?page_id=266"},"modified":"2023-06-14T14:56:29","modified_gmt":"2023-06-14T14:56:29","slug":"presse","status":"publish","type":"page","link":"https:\/\/pp-group.com\/en\/presse\/","title":{"rendered":"Media"},"content":{"rendered":"<div data-elementor-type=\"wp-page\" data-elementor-id=\"266\" class=\"elementor elementor-266\" data-elementor-settings=\"{&quot;ha_cmc_init_switcher&quot;:&quot;no&quot;}\" data-elementor-post-type=\"page\">\n\t\t\t\t\t\t<section class=\"elementor-section elementor-top-section elementor-element elementor-element-d99ddd3 elementor-section-boxed elementor-section-height-default elementor-section-height-default\" data-id=\"d99ddd3\" data-element_type=\"section\" data-e-type=\"section\" data-settings=\"{&quot;_ha_eqh_enable&quot;:false}\">\n\t\t\t\t\t\t<div class=\"elementor-container elementor-column-gap-default\">\n\t\t\t\t\t<div class=\"elementor-column elementor-col-50 elementor-top-column elementor-element elementor-element-c12cc25\" data-id=\"c12cc25\" data-element_type=\"column\" data-e-type=\"column\">\n\t\t\t<div class=\"elementor-widget-wrap elementor-element-populated\">\n\t\t\t\t\t\t<div class=\"elementor-element elementor-element-2d384e6 elementor-widget elementor-widget-heading\" data-id=\"2d384e6\" data-element_type=\"widget\" data-e-type=\"widget\" data-widget_type=\"heading.default\">\n\t\t\t\t<div class=\"elementor-widget-container\">\n\t\t\t\t\t<h2 class=\"elementor-heading-title elementor-size-default\">MEDIA<\/h2>\t\t\t\t<\/div>\n\t\t\t\t<\/div>\n\t\t\t\t\t<\/div>\n\t\t<\/div>\n\t\t\t\t<div class=\"elementor-column elementor-col-50 elementor-top-column elementor-element elementor-element-93af4cf\" data-id=\"93af4cf\" data-element_type=\"column\" data-e-type=\"column\">\n\t\t\t<div class=\"elementor-widget-wrap\">\n\t\t\t\t\t\t\t<\/div>\n\t\t<\/div>\n\t\t\t\t\t<\/div>\n\t\t<\/section>\n\t\t\t\t<section class=\"elementor-section elementor-top-section elementor-element elementor-element-15b6396 elementor-section-boxed elementor-section-height-default elementor-section-height-default\" data-id=\"15b6396\" data-element_type=\"section\" data-e-type=\"section\" data-settings=\"{&quot;_ha_eqh_enable&quot;:false}\">\n\t\t\t\t\t\t<div class=\"elementor-container elementor-column-gap-default\">\n\t\t\t\t\t<div class=\"elementor-column elementor-col-100 elementor-top-column elementor-element elementor-element-35f3cff\" data-id=\"35f3cff\" data-element_type=\"column\" data-e-type=\"column\">\n\t\t\t<div class=\"elementor-widget-wrap elementor-element-populated\">\n\t\t\t\t\t\t<div class=\"elementor-element elementor-element-47e9df1 elementor-grid-3 elementor-grid-tablet-2 elementor-grid-mobile-1 elementor-posts--thumbnail-top elementor-posts__hover-gradient elementor-widget elementor-widget-posts\" data-id=\"47e9df1\" data-element_type=\"widget\" data-e-type=\"widget\" data-settings=\"{&quot;cards_columns&quot;:&quot;3&quot;,&quot;cards_columns_tablet&quot;:&quot;2&quot;,&quot;cards_columns_mobile&quot;:&quot;1&quot;,&quot;cards_row_gap&quot;:{&quot;unit&quot;:&quot;px&quot;,&quot;size&quot;:35,&quot;sizes&quot;:[]},&quot;cards_row_gap_tablet&quot;:{&quot;unit&quot;:&quot;px&quot;,&quot;size&quot;:&quot;&quot;,&quot;sizes&quot;:[]},&quot;cards_row_gap_mobile&quot;:{&quot;unit&quot;:&quot;px&quot;,&quot;size&quot;:&quot;&quot;,&quot;sizes&quot;:[]}}\" data-widget_type=\"posts.cards\">\n\t\t\t\t<div class=\"elementor-widget-container\">\n\t\t\t\t\t\t\t<div class=\"elementor-posts-container elementor-posts elementor-posts--skin-cards elementor-grid\" role=\"list\">\n\t\t\t\t<article class=\"elementor-post elementor-grid-item post-3009 post type-post status-publish format-standard has-post-thumbnail hentry category-immobilienbranche\" role=\"listitem\">\n\t\t\t<div class=\"elementor-post__card\">\n\t\t\t\t<a class=\"elementor-post__thumbnail__link\" href=\"https:\/\/pp-group.com\/en\/immobilienbranche\/pp-group-central-homes-fuerth-wird-groesstes-wohnprojekt-des-unternehmens\/\" tabindex=\"-1\" ><div class=\"elementor-post__thumbnail\"><img fetchpriority=\"high\" decoding=\"async\" width=\"1920\" height=\"1280\" src=\"https:\/\/pp-group.com\/wp-content\/uploads\/2026\/03\/press_image_new_16032026.jpg\" class=\"attachment-full size-full wp-image-2993\" alt=\"\" srcset=\"https:\/\/pp-group.com\/wp-content\/uploads\/2026\/03\/press_image_new_16032026.jpg 1920w, https:\/\/pp-group.com\/wp-content\/uploads\/2026\/03\/press_image_new_16032026-300x200.jpg 300w, https:\/\/pp-group.com\/wp-content\/uploads\/2026\/03\/press_image_new_16032026-1024x683.jpg 1024w, https:\/\/pp-group.com\/wp-content\/uploads\/2026\/03\/press_image_new_16032026-768x512.jpg 768w, https:\/\/pp-group.com\/wp-content\/uploads\/2026\/03\/press_image_new_16032026-1536x1024.jpg 1536w, https:\/\/pp-group.com\/wp-content\/uploads\/2026\/03\/press_image_new_16032026-18x12.jpg 18w\" sizes=\"(max-width: 1920px) 100vw, 1920px\" \/><\/div><\/a>\n\t\t\t\t<div class=\"elementor-post__text\">\n\t\t\t\t<h3 class=\"elementor-post__title\">\n\t\t\t<a href=\"https:\/\/pp-group.com\/en\/immobilienbranche\/pp-group-central-homes-fuerth-wird-groesstes-wohnprojekt-des-unternehmens\/\" >\n\t\t\t\tP&amp;P Group: Central Homes F\u00fcrth wird gr\u00f6\u00dftes Wohnprojekt des Unternehmens\t\t\t<\/a>\n\t\t<\/h3>\n\t\t\t\t<\/div>\n\t\t\t\t<div class=\"elementor-post__meta-data\">\n\t\t\t\t\t<span class=\"elementor-post-date\">\n\t\t\t26. March 2026\t\t<\/span>\n\t\t\t\t<\/div>\n\t\t\t\t\t<\/div>\n\t\t<\/article>\n\t\t\t\t<article class=\"elementor-post elementor-grid-item post-2888 post type-post status-publish format-standard has-post-thumbnail hentry category-immobilienbranche category-immobilienmarkt\" role=\"listitem\">\n\t\t\t<div class=\"elementor-post__card\">\n\t\t\t\t<a class=\"elementor-post__thumbnail__link\" href=\"https:\/\/pp-group.com\/en\/immobilienbranche\/pp-group-verzeichnet-einen-der-staerksten-verkaufsmonateder-firmengeschichte\/\" tabindex=\"-1\" ><div class=\"elementor-post__thumbnail\"><img decoding=\"async\" width=\"1707\" height=\"2560\" src=\"https:\/\/pp-group.com\/wp-content\/uploads\/2026\/03\/DSC_0034-scaled.jpg\" class=\"attachment-full size-full wp-image-2895\" alt=\"\" srcset=\"https:\/\/pp-group.com\/wp-content\/uploads\/2026\/03\/DSC_0034-scaled.jpg 1707w, https:\/\/pp-group.com\/wp-content\/uploads\/2026\/03\/DSC_0034-200x300.jpg 200w, https:\/\/pp-group.com\/wp-content\/uploads\/2026\/03\/DSC_0034-683x1024.jpg 683w, https:\/\/pp-group.com\/wp-content\/uploads\/2026\/03\/DSC_0034-768x1152.jpg 768w, https:\/\/pp-group.com\/wp-content\/uploads\/2026\/03\/DSC_0034-1024x1536.jpg 1024w, https:\/\/pp-group.com\/wp-content\/uploads\/2026\/03\/DSC_0034-1365x2048.jpg 1365w, https:\/\/pp-group.com\/wp-content\/uploads\/2026\/03\/DSC_0034-8x12.jpg 8w\" sizes=\"(max-width: 1707px) 100vw, 1707px\" \/><\/div><\/a>\n\t\t\t\t<div class=\"elementor-post__text\">\n\t\t\t\t<h3 class=\"elementor-post__title\">\n\t\t\t<a href=\"https:\/\/pp-group.com\/en\/immobilienbranche\/pp-group-verzeichnet-einen-der-staerksten-verkaufsmonateder-firmengeschichte\/\" >\n\t\t\t\tP&amp;P Group verzeichnet einen der st\u00e4rksten Verkaufsmonate der Firmengeschichte\t\t\t<\/a>\n\t\t<\/h3>\n\t\t\t\t<\/div>\n\t\t\t\t<div class=\"elementor-post__meta-data\">\n\t\t\t\t\t<span class=\"elementor-post-date\">\n\t\t\t5. March 2026\t\t<\/span>\n\t\t\t\t<\/div>\n\t\t\t\t\t<\/div>\n\t\t<\/article>\n\t\t\t\t<article class=\"elementor-post elementor-grid-item post-2751 post type-post status-publish format-standard has-post-thumbnail hentry category-immobilienbranche category-immobilienmarkt\" role=\"listitem\">\n\t\t\t<div class=\"elementor-post__card\">\n\t\t\t\t<a class=\"elementor-post__thumbnail__link\" href=\"https:\/\/pp-group.com\/en\/immobilienbranche\/pp-group-verkauft-bestandsimmobilie-in-exponierter-lage-in-muenchen\/\" tabindex=\"-1\" ><div class=\"elementor-post__thumbnail\"><img decoding=\"async\" width=\"1000\" height=\"800\" src=\"https:\/\/pp-group.com\/wp-content\/uploads\/2025\/01\/PM-EMZ-PP-Group-1.jpg\" class=\"attachment-full size-full wp-image-2673\" alt=\"\" srcset=\"https:\/\/pp-group.com\/wp-content\/uploads\/2025\/01\/PM-EMZ-PP-Group-1.jpg 1000w, https:\/\/pp-group.com\/wp-content\/uploads\/2025\/01\/PM-EMZ-PP-Group-1-300x240.jpg 300w, https:\/\/pp-group.com\/wp-content\/uploads\/2025\/01\/PM-EMZ-PP-Group-1-768x614.jpg 768w, https:\/\/pp-group.com\/wp-content\/uploads\/2025\/01\/PM-EMZ-PP-Group-1-15x12.jpg 15w\" sizes=\"(max-width: 1000px) 100vw, 1000px\" \/><\/div><\/a>\n\t\t\t\t<div class=\"elementor-post__text\">\n\t\t\t\t<h3 class=\"elementor-post__title\">\n\t\t\t<a href=\"https:\/\/pp-group.com\/en\/immobilienbranche\/pp-group-verkauft-bestandsimmobilie-in-exponierter-lage-in-muenchen\/\" >\n\t\t\t\tP&amp;P Group sells existing property in a prominent location in Munich\t\t\t<\/a>\n\t\t<\/h3>\n\t\t\t\t<\/div>\n\t\t\t\t<div class=\"elementor-post__meta-data\">\n\t\t\t\t\t<span class=\"elementor-post-date\">\n\t\t\t17. June 2025\t\t<\/span>\n\t\t\t\t<\/div>\n\t\t\t\t\t<\/div>\n\t\t<\/article>\n\t\t\t\t<article class=\"elementor-post elementor-grid-item post-2672 post type-post status-publish format-standard has-post-thumbnail hentry category-immobilienbranche category-immobilienmarkt\" role=\"listitem\">\n\t\t\t<div class=\"elementor-post__card\">\n\t\t\t\t<a class=\"elementor-post__thumbnail__link\" href=\"https:\/\/pp-group.com\/en\/immobilienbranche\/pp-group-ubertrifft-2024-geplantes-transaktionsvolumen-deutlich\/\" tabindex=\"-1\" ><div class=\"elementor-post__thumbnail\"><img loading=\"lazy\" decoding=\"async\" width=\"1000\" height=\"800\" src=\"https:\/\/pp-group.com\/wp-content\/uploads\/2025\/01\/eva.jpg\" class=\"attachment-full size-full wp-image-2939\" alt=\"\" srcset=\"https:\/\/pp-group.com\/wp-content\/uploads\/2025\/01\/eva.jpg 1000w, https:\/\/pp-group.com\/wp-content\/uploads\/2025\/01\/eva-300x240.jpg 300w, https:\/\/pp-group.com\/wp-content\/uploads\/2025\/01\/eva-768x614.jpg 768w, https:\/\/pp-group.com\/wp-content\/uploads\/2025\/01\/eva-15x12.jpg 15w\" sizes=\"(max-width: 1000px) 100vw, 1000px\" \/><\/div><\/a>\n\t\t\t\t<div class=\"elementor-post__text\">\n\t\t\t\t<h3 class=\"elementor-post__title\">\n\t\t\t<a href=\"https:\/\/pp-group.com\/en\/immobilienbranche\/pp-group-ubertrifft-2024-geplantes-transaktionsvolumen-deutlich\/\" >\n\t\t\t\tP&amp;P Group significantly exceeds planned transaction volume for 2024 - Over 500 units for more than EUR 150 million were sold to institutional and private investors\t\t\t<\/a>\n\t\t<\/h3>\n\t\t\t\t<\/div>\n\t\t\t\t<div class=\"elementor-post__meta-data\">\n\t\t\t\t\t<span class=\"elementor-post-date\">\n\t\t\t31. January 2025\t\t<\/span>\n\t\t\t\t<\/div>\n\t\t\t\t\t<\/div>\n\t\t<\/article>\n\t\t\t\t<article class=\"elementor-post elementor-grid-item post-2618 post type-post status-publish format-standard has-post-thumbnail hentry category-bauprojekt category-immobilienbranche\" role=\"listitem\">\n\t\t\t<div class=\"elementor-post__card\">\n\t\t\t\t<a class=\"elementor-post__thumbnail__link\" href=\"https:\/\/pp-group.com\/en\/bauprojekt\/pp-group-startet-mit-dem-bau-von-ueber-100-wohnungen\/\" tabindex=\"-1\" ><div class=\"elementor-post__thumbnail\"><img loading=\"lazy\" decoding=\"async\" width=\"1200\" height=\"853\" src=\"https:\/\/pp-group.com\/wp-content\/uploads\/2025\/01\/016_2024-10_A07_192_3D-Visual_NUe-Steinbuehler-Strasse-4-6_V00h_Vorabzug-1_Hof-1.jpg\" class=\"attachment-full size-full wp-image-2619\" alt=\"\" srcset=\"https:\/\/pp-group.com\/wp-content\/uploads\/2025\/01\/016_2024-10_A07_192_3D-Visual_NUe-Steinbuehler-Strasse-4-6_V00h_Vorabzug-1_Hof-1.jpg 1200w, https:\/\/pp-group.com\/wp-content\/uploads\/2025\/01\/016_2024-10_A07_192_3D-Visual_NUe-Steinbuehler-Strasse-4-6_V00h_Vorabzug-1_Hof-1-300x213.jpg 300w, https:\/\/pp-group.com\/wp-content\/uploads\/2025\/01\/016_2024-10_A07_192_3D-Visual_NUe-Steinbuehler-Strasse-4-6_V00h_Vorabzug-1_Hof-1-1024x728.jpg 1024w, https:\/\/pp-group.com\/wp-content\/uploads\/2025\/01\/016_2024-10_A07_192_3D-Visual_NUe-Steinbuehler-Strasse-4-6_V00h_Vorabzug-1_Hof-1-768x546.jpg 768w, https:\/\/pp-group.com\/wp-content\/uploads\/2025\/01\/016_2024-10_A07_192_3D-Visual_NUe-Steinbuehler-Strasse-4-6_V00h_Vorabzug-1_Hof-1-18x12.jpg 18w\" sizes=\"(max-width: 1200px) 100vw, 1200px\" \/><\/div><\/a>\n\t\t\t\t<div class=\"elementor-post__text\">\n\t\t\t\t<h3 class=\"elementor-post__title\">\n\t\t\t<a href=\"https:\/\/pp-group.com\/en\/bauprojekt\/pp-group-startet-mit-dem-bau-von-ueber-100-wohnungen\/\" >\n\t\t\t\tP&amp;P Group starts construction of over 100 flats through redevelopment in a top city centre location in Nuremberg\u00a0\t\t\t<\/a>\n\t\t<\/h3>\n\t\t\t\t<\/div>\n\t\t\t\t<div class=\"elementor-post__meta-data\">\n\t\t\t\t\t<span class=\"elementor-post-date\">\n\t\t\t27. January 2025\t\t<\/span>\n\t\t\t\t<\/div>\n\t\t\t\t\t<\/div>\n\t\t<\/article>\n\t\t\t\t<article class=\"elementor-post elementor-grid-item post-2607 post type-post status-publish format-standard has-post-thumbnail hentry category-immobilienmarkt category-veraeusserung\" role=\"listitem\">\n\t\t\t<div class=\"elementor-post__card\">\n\t\t\t\t<a class=\"elementor-post__thumbnail__link\" href=\"https:\/\/pp-group.com\/en\/immobilienmarkt\/pp-group-verkauft-weiteres-projekt-mit-121-wohnungen-in-nuernberg\/\" tabindex=\"-1\" ><div class=\"elementor-post__thumbnail\"><img loading=\"lazy\" decoding=\"async\" width=\"800\" height=\"800\" src=\"https:\/\/pp-group.com\/wp-content\/uploads\/2023\/06\/Kreuzsteinstrasse-1.jpg\" class=\"attachment-full size-full wp-image-1812\" alt=\"Kreuzsteinstra\u00dfe_Visualisierungsbild\" srcset=\"https:\/\/pp-group.com\/wp-content\/uploads\/2023\/06\/Kreuzsteinstrasse-1.jpg 800w, https:\/\/pp-group.com\/wp-content\/uploads\/2023\/06\/Kreuzsteinstrasse-1-300x300.jpg 300w, https:\/\/pp-group.com\/wp-content\/uploads\/2023\/06\/Kreuzsteinstrasse-1-150x150.jpg 150w, https:\/\/pp-group.com\/wp-content\/uploads\/2023\/06\/Kreuzsteinstrasse-1-768x768.jpg 768w, https:\/\/pp-group.com\/wp-content\/uploads\/2023\/06\/Kreuzsteinstrasse-1-12x12.jpg 12w\" sizes=\"(max-width: 800px) 100vw, 800px\" \/><\/div><\/a>\n\t\t\t\t<div class=\"elementor-post__text\">\n\t\t\t\t<h3 class=\"elementor-post__title\">\n\t\t\t<a href=\"https:\/\/pp-group.com\/en\/immobilienmarkt\/pp-group-verkauft-weiteres-projekt-mit-121-wohnungen-in-nuernberg\/\" >\n\t\t\t\tP&amp;P Group sells another project with 121 flats in the German City of Nuremberg and successfully concludes the 2024 financial year\u00a0\t\t\t<\/a>\n\t\t<\/h3>\n\t\t\t\t<\/div>\n\t\t\t\t<div class=\"elementor-post__meta-data\">\n\t\t\t\t\t<span class=\"elementor-post-date\">\n\t\t\t21. January 2025\t\t<\/span>\n\t\t\t\t<\/div>\n\t\t\t\t\t<\/div>\n\t\t<\/article>\n\t\t\t\t<article class=\"elementor-post elementor-grid-item post-2562 post type-post status-publish format-standard has-post-thumbnail hentry category-flair-fuerth category-erlebnis-center\" role=\"listitem\">\n\t\t\t<div class=\"elementor-post__card\">\n\t\t\t\t<a class=\"elementor-post__thumbnail__link\" href=\"https:\/\/pp-group.com\/en\/flair-fuerth\/vier-neueroeffnungen-im-erlebniscenter-flair-fuerth\/\" tabindex=\"-1\" ><div class=\"elementor-post__thumbnail\"><img loading=\"lazy\" decoding=\"async\" width=\"700\" height=\"450\" src=\"https:\/\/pp-group.com\/wp-content\/uploads\/2023\/07\/N_ThumenbergerWeg_2038_0001_FLAIR202109_ArchitekturMensch_009-1.jpg\" class=\"attachment-full size-full wp-image-1833\" alt=\"\" srcset=\"https:\/\/pp-group.com\/wp-content\/uploads\/2023\/07\/N_ThumenbergerWeg_2038_0001_FLAIR202109_ArchitekturMensch_009-1.jpg 700w, https:\/\/pp-group.com\/wp-content\/uploads\/2023\/07\/N_ThumenbergerWeg_2038_0001_FLAIR202109_ArchitekturMensch_009-1-300x193.jpg 300w, https:\/\/pp-group.com\/wp-content\/uploads\/2023\/07\/N_ThumenbergerWeg_2038_0001_FLAIR202109_ArchitekturMensch_009-1-18x12.jpg 18w\" sizes=\"(max-width: 700px) 100vw, 700px\" \/><\/div><\/a>\n\t\t\t\t<div class=\"elementor-post__text\">\n\t\t\t\t<h3 class=\"elementor-post__title\">\n\t\t\t<a href=\"https:\/\/pp-group.com\/en\/flair-fuerth\/vier-neueroeffnungen-im-erlebniscenter-flair-fuerth\/\" >\n\t\t\t\tFour new openings at the FLAiR F\u00fcrth shopping centre\t\t\t<\/a>\n\t\t<\/h3>\n\t\t\t\t<\/div>\n\t\t\t\t<div class=\"elementor-post__meta-data\">\n\t\t\t\t\t<span class=\"elementor-post-date\">\n\t\t\t28. November 2024\t\t<\/span>\n\t\t\t\t<\/div>\n\t\t\t\t\t<\/div>\n\t\t<\/article>\n\t\t\t\t<article class=\"elementor-post elementor-grid-item post-2486 post type-post status-publish format-standard has-post-thumbnail hentry category-immobilienbranche category-immobilienmarkt\" role=\"listitem\">\n\t\t\t<div class=\"elementor-post__card\">\n\t\t\t\t<a class=\"elementor-post__thumbnail__link\" href=\"https:\/\/pp-group.com\/en\/immobilienbranche\/verkauf-von-sechs-mehrfamilienhaeusern-sorgt-bei-der-pp-group-fuer-besonders-gute-bilanz-im-dritten-quartal\/\" tabindex=\"-1\" ><div class=\"elementor-post__thumbnail\"><img loading=\"lazy\" decoding=\"async\" width=\"1535\" height=\"801\" src=\"https:\/\/pp-group.com\/wp-content\/uploads\/2023\/10\/PP_Nuernberg_StudioLoske_Fotografie_PGL3844-1-1.jpg\" class=\"attachment-full size-full wp-image-1877\" alt=\"\" srcset=\"https:\/\/pp-group.com\/wp-content\/uploads\/2023\/10\/PP_Nuernberg_StudioLoske_Fotografie_PGL3844-1-1.jpg 1535w, https:\/\/pp-group.com\/wp-content\/uploads\/2023\/10\/PP_Nuernberg_StudioLoske_Fotografie_PGL3844-1-1-300x157.jpg 300w, https:\/\/pp-group.com\/wp-content\/uploads\/2023\/10\/PP_Nuernberg_StudioLoske_Fotografie_PGL3844-1-1-1024x534.jpg 1024w, https:\/\/pp-group.com\/wp-content\/uploads\/2023\/10\/PP_Nuernberg_StudioLoske_Fotografie_PGL3844-1-1-768x401.jpg 768w, https:\/\/pp-group.com\/wp-content\/uploads\/2023\/10\/PP_Nuernberg_StudioLoske_Fotografie_PGL3844-1-1-18x9.jpg 18w\" sizes=\"(max-width: 1535px) 100vw, 1535px\" \/><\/div><\/a>\n\t\t\t\t<div class=\"elementor-post__text\">\n\t\t\t\t<h3 class=\"elementor-post__title\">\n\t\t\t<a href=\"https:\/\/pp-group.com\/en\/immobilienbranche\/verkauf-von-sechs-mehrfamilienhaeusern-sorgt-bei-der-pp-group-fuer-besonders-gute-bilanz-im-dritten-quartal\/\" >\n\t\t\t\tSale of six apartment buildings ensures particularly good results for the P&amp;P Group in the third quarter\t\t\t<\/a>\n\t\t<\/h3>\n\t\t\t\t<\/div>\n\t\t\t\t<div class=\"elementor-post__meta-data\">\n\t\t\t\t\t<span class=\"elementor-post-date\">\n\t\t\t23. September 2024\t\t<\/span>\n\t\t\t\t<\/div>\n\t\t\t\t\t<\/div>\n\t\t<\/article>\n\t\t\t\t<article class=\"elementor-post elementor-grid-item post-2470 post type-post status-publish format-standard has-post-thumbnail hentry category-erlebnis-center category-flair-fuerth\" role=\"listitem\">\n\t\t\t<div class=\"elementor-post__card\">\n\t\t\t\t<a class=\"elementor-post__thumbnail__link\" href=\"https:\/\/pp-group.com\/en\/erlebnis-center\/steigerung-der-auslastung-des-flair-fuerth-auf-95-prozent\/\" tabindex=\"-1\" ><div class=\"elementor-post__thumbnail\"><img loading=\"lazy\" decoding=\"async\" width=\"1200\" height=\"800\" src=\"https:\/\/pp-group.com\/wp-content\/uploads\/2024\/09\/gewinnspiel-flair-fuerth-pp-group-1.jpg\" class=\"attachment-full size-full wp-image-2471\" alt=\"\" srcset=\"https:\/\/pp-group.com\/wp-content\/uploads\/2024\/09\/gewinnspiel-flair-fuerth-pp-group-1.jpg 1200w, https:\/\/pp-group.com\/wp-content\/uploads\/2024\/09\/gewinnspiel-flair-fuerth-pp-group-1-300x200.jpg 300w, https:\/\/pp-group.com\/wp-content\/uploads\/2024\/09\/gewinnspiel-flair-fuerth-pp-group-1-1024x683.jpg 1024w, https:\/\/pp-group.com\/wp-content\/uploads\/2024\/09\/gewinnspiel-flair-fuerth-pp-group-1-768x512.jpg 768w, https:\/\/pp-group.com\/wp-content\/uploads\/2024\/09\/gewinnspiel-flair-fuerth-pp-group-1-18x12.jpg 18w\" sizes=\"(max-width: 1200px) 100vw, 1200px\" \/><\/div><\/a>\n\t\t\t\t<div class=\"elementor-post__text\">\n\t\t\t\t<h3 class=\"elementor-post__title\">\n\t\t\t<a href=\"https:\/\/pp-group.com\/en\/erlebnis-center\/steigerung-der-auslastung-des-flair-fuerth-auf-95-prozent\/\" >\n\t\t\t\tAttractiveness of the FLAiR F\u00fcrth experience center enhanced and space utilization increased to 95 percent\t\t\t<\/a>\n\t\t<\/h3>\n\t\t\t\t<\/div>\n\t\t\t\t<div class=\"elementor-post__meta-data\">\n\t\t\t\t\t<span class=\"elementor-post-date\">\n\t\t\t16. September 2024\t\t<\/span>\n\t\t\t\t<\/div>\n\t\t\t\t\t<\/div>\n\t\t<\/article>\n\t\t\t\t<\/div>\n\t\t\n\t\t\t\t<div class=\"e-load-more-anchor\" data-page=\"1\" data-max-page=\"6\" data-next-page=\"https:\/\/pp-group.com\/en\/wp-json\/wp\/v2\/pages\/266\/page\/2\/\"><\/div>\n\t\t\t\t<nav class=\"elementor-pagination\" aria-label=\"Pagination\">\n\t\t\t<span class=\"page-numbers prev\">\u00ab Back<\/span>\n<span aria-current=\"page\" class=\"page-numbers current\"><span class=\"elementor-screen-only\">Page<\/span>1<\/span>\n<a class=\"page-numbers\" href=\"https:\/\/pp-group.com\/en\/wp-json\/wp\/v2\/pages\/266\/page\/2\/\"><span class=\"elementor-screen-only\">Page<\/span>2<\/a>\n<a class=\"page-numbers\" href=\"https:\/\/pp-group.com\/en\/wp-json\/wp\/v2\/pages\/266\/page\/3\/\"><span class=\"elementor-screen-only\">Page<\/span>3<\/a>\n<a class=\"page-numbers\" href=\"https:\/\/pp-group.com\/en\/wp-json\/wp\/v2\/pages\/266\/page\/4\/\"><span class=\"elementor-screen-only\">Page<\/span>4<\/a>\n<a class=\"page-numbers\" href=\"https:\/\/pp-group.com\/en\/wp-json\/wp\/v2\/pages\/266\/page\/5\/\"><span class=\"elementor-screen-only\">Page<\/span>5<\/a>\n<a class=\"page-numbers next\" href=\"https:\/\/pp-group.com\/en\/wp-json\/wp\/v2\/pages\/266\/page\/2\/\">Next \u00bb<\/a>\t\t<\/nav>\n\t\t\t\t\t\t<\/div>\n\t\t\t\t<\/div>\n\t\t\t\t\t<\/div>\n\t\t<\/div>\n\t\t\t\t\t<\/div>\n\t\t<\/section>\n\t\t\t\t<\/div>","protected":false},"excerpt":{"rendered":"<p>MEDIA<\/p>","protected":false},"author":1,"featured_media":0,"parent":0,"menu_order":0,"comment_status":"closed","ping_status":"closed","template":"","meta":{"inline_featured_image":false,"footnotes":""},"class_list":["post-266","page","type-page","status-publish","hentry"],"_links":{"self":[{"href":"https:\/\/pp-group.com\/en\/wp-json\/wp\/v2\/pages\/266","targetHints":{"allow":["GET"]}}],"collection":[{"href":"https:\/\/pp-group.com\/en\/wp-json\/wp\/v2\/pages"}],"about":[{"href":"https:\/\/pp-group.com\/en\/wp-json\/wp\/v2\/types\/page"}],"author":[{"embeddable":true,"href":"https:\/\/pp-group.com\/en\/wp-json\/wp\/v2\/users\/1"}],"replies":[{"embeddable":true,"href":"https:\/\/pp-group.com\/en\/wp-json\/wp\/v2\/comments?post=266"}],"version-history":[{"count":0,"href":"https:\/\/pp-group.com\/en\/wp-json\/wp\/v2\/pages\/266\/revisions"}],"wp:attachment":[{"href":"https:\/\/pp-group.com\/en\/wp-json\/wp\/v2\/media?parent=266"}],"curies":[{"name":"wp","href":"https:\/\/api.w.org\/{rel}","templated":true}]}}